{"id":787,"date":"2018-08-31T13:24:53","date_gmt":"2018-08-31T16:24:53","guid":{"rendered":"https:\/\/insrp-mza.infd.edu.ar\/sitio\/plan-de-estudios\/"},"modified":"2020-08-04T23:28:55","modified_gmt":"2020-08-05T02:28:55","slug":"plan-de-estudios","status":"publish","type":"page","link":"https:\/\/insrp-infd.mendoza.edu.ar\/sitio\/plan-de-estudios\/","title":{"rendered":"Plan de estudios"},"content":{"rendered":"<p><img decoding=\"async\" loading=\"lazy\" style=\"display: block; margin-left: auto; margin-right: auto;\" src=\"https:\/\/insrp-infd.mendoza.edu.ar\/sitio\/wp-content\/uploads\/2018\/08\/pei.gif\" width=\"400\" height=\"311\" border=\"0\" \/><\/p>\n<p>&nbsp;<\/p>\n<p><span style=\"font-size: 12pt; font-family: helvetica;\"><strong><span style=\"color: #008080;\"><span style=\"font-size: 18pt;\">Plan de Estudios<\/span><\/span> <span style=\"font-size: 10pt;\">Res. N\u00ba 1929\/DGE\/2014<\/span><\/strong><\/span><\/p>\n<p><span style=\"color: #008080; font-family: helvetica; font-size: 12pt;\"><strong><em>Primer A\u00f1o<\/em><\/strong><\/span><\/p>\n<ul>\n<li><span style=\"font-family: helvetica; font-size: 12pt;\">Pedagog\u00eda<\/span><\/li>\n<li><span style=\"font-family: helvetica; font-size: 12pt;\">Promoci\u00f3n de la salud<\/span><\/li>\n<li><span style=\"font-family: helvetica; font-size: 12pt;\">Did\u00e1ctica General<\/span><\/li>\n<li><span style=\"font-family: helvetica; font-size: 12pt;\">Perspectiva Hist\u00f3rica, Pol\u00edtica, Econ\u00f3mica, Social y Cultural de Am\u00e9rica Latina<\/span><\/li>\n<li><span style=\"font-family: helvetica; font-size: 12pt;\">Psicolog\u00eda Educacional<\/span><\/li>\n<li><span style=\"font-family: helvetica; font-size: 12pt;\">Juego y Producci\u00f3n de Objetos L\u00fadicos<\/span><\/li>\n<li><span style=\"font-family: helvetica; font-size: 12pt;\">Sujetos de la Educaci\u00f3n Inicial<\/span><\/li>\n<li><span style=\"font-family: helvetica; font-size: 12pt;\">Did\u00e1ctica del Nivel Inicial<\/span><\/li>\n<li><span style=\"font-family: helvetica; font-size: 12pt;\">Tecnolog\u00edas de\u00a0 la Informaci\u00f3n\u00a0 y la Comunicaci\u00f3n<\/span><\/li>\n<li><span style=\"font-family: helvetica; font-size: 12pt;\">Pr\u00e1cticas de Lectura, Escritura y Oralidad<\/span><\/li>\n<li><span style=\"font-family: helvetica; font-size: 12pt;\">Pr\u00e1ctica Profesional Docente I<\/span><\/li>\n<li><span style=\"font-family: helvetica; font-size: 12pt;\">Formaci\u00f3n Humana Integral I\u00a0<\/span><span style=\"font-family: helvetica; font-size: 12pt;\"><span style=\"font-family: 'book antiqua', palatino; font-size: 12pt;\">\u00a0<\/span>(extracurricular)<\/span><\/li>\n<\/ul>\n<p><span style=\"color: #008080; font-family: helvetica; font-size: 12pt;\"><strong><em>Segundo A\u00f1o<\/em><\/strong><\/span><\/p>\n<ul>\n<li><span style=\"font-family: helvetica; font-size: 12pt;\">Historia y Pol\u00edtica de la Educaci\u00f3n Argentina<\/span><\/li>\n<li><span style=\"font-family: helvetica; font-size: 12pt;\">UDI Trayectorias escolares y Evaluaci\u00f3n (CFG)<\/span><\/li>\n<li><span style=\"font-family: helvetica; font-size: 12pt;\">Instituciones Educativas<\/span><\/li>\n<li><span style=\"font-family: helvetica; font-size: 12pt;\">Jardines Maternales<\/span><\/li>\n<li><span style=\"font-family: helvetica; font-size: 12pt;\">Did\u00e1ctica de la Matem\u00e1tica I<\/span><\/li>\n<li><span style=\"font-family: helvetica; font-size: 12pt;\">Pr\u00e1cticas Ling\u00fc\u00edsticas en el Nivel Inicial<\/span><\/li>\n<li><span style=\"font-family: helvetica; font-size: 12pt;\">Literatura para Ni\u00f1os<\/span><\/li>\n<li><span style=\"font-family: helvetica; font-size: 12pt;\">Did\u00e1ctica de la Tecnolog\u00eda<\/span><\/li>\n<li><span style=\"font-family: helvetica; font-size: 12pt;\">Artes Visuales en el Nivel Inicial<\/span><\/li>\n<li><span style=\"font-family: helvetica; font-size: 12pt;\">M\u00fasica en el Nivel Inicial<\/span><\/li>\n<li><span style=\"font-family: helvetica; font-size: 12pt;\">Pr\u00e1ctica Profesional Docente II<\/span><\/li>\n<li><span style=\"font-family: helvetica; font-size: 12pt;\">Formaci\u00f3n Humana Integral II (extracurricular)<\/span><\/li>\n<\/ul>\n<p><span style=\"color: #008080; font-family: helvetica; font-size: 12pt;\"><strong><em>Tercer A\u00f1o<\/em><\/strong><\/span><\/p>\n<ul>\n<li><span style=\"font-family: helvetica; font-size: 12pt;\">Filosof\u00eda<\/span><\/li>\n<li><span style=\"font-family: helvetica; font-size: 12pt;\">UDI Evaluaci\u00f3n de las propuestas did\u00e1cticas I (CFE)<\/span><\/li>\n<li><span style=\"font-family: helvetica; font-size: 12pt;\">Did\u00e1ctica de la Matem\u00e1tica II<\/span><\/li>\n<li><span style=\"font-family: helvetica; font-size: 12pt;\">Formaci\u00f3n \u00c9tica y Ciudadana<\/span><\/li>\n<li><span style=\"font-family: helvetica; font-size: 12pt;\">Sociolog\u00eda de la Educaci\u00f3n<\/span><\/li>\n<li><span style=\"font-family: helvetica; font-size: 12pt;\">Psicomotricidad<\/span><\/li>\n<li><span style=\"font-family: helvetica; font-size: 12pt;\">Alfabetizaci\u00f3n Inicial<\/span><\/li>\n<li><span style=\"font-family: helvetica; font-size: 12pt;\">Did\u00e1ctica de las Ciencias Naturales<\/span><\/li>\n<li><span style=\"font-family: helvetica; font-size: 12pt;\">Did\u00e1ctica de las Ciencias Sociales<\/span><\/li>\n<li><span style=\"font-family: helvetica; font-size: 12pt;\">Teatro y Expresi\u00f3n Corporal en el Nivel Inicial<\/span><\/li>\n<li><span style=\"font-family: helvetica; font-size: 12pt;\">Educaci\u00f3n F\u00edsica en el Nivel Inicial<\/span><\/li>\n<li><span style=\"font-family: helvetica; font-size: 12pt;\">Pr\u00e1ctica Profesional Docente III<\/span><\/li>\n<li><span style=\"font-family: helvetica; font-size: 12pt;\">Formaci\u00f3n Humana Integral III (extracurricular)<\/span><\/li>\n<\/ul>\n<p><span style=\"color: #008080; font-family: helvetica; font-size: 12pt;\"><strong><em>Cuarto A\u00f1o<\/em><\/strong><\/span><\/p>\n<ul>\n<li><span style=\"font-family: helvetica; font-size: 12pt;\">Salud y Cuidados Infantiles<\/span><\/li>\n<li><span style=\"font-family: helvetica; font-size: 12pt;\">Atenci\u00f3n a la Diversidad<\/span><\/li>\n<li><span style=\"font-family: helvetica; font-size: 12pt;\">Problem\u00e1ticas del Nivel Inicial<\/span><\/li>\n<li><span style=\"font-family: helvetica; font-size: 12pt;\">UDI Educaci\u00f3n de la Sexualidad y la Afectividad (CFG)<\/span><\/li>\n<li><span style=\"font-family: helvetica; font-size: 12pt;\">Pr\u00e1ctica Profesional Docente IV<\/span><\/li>\n<\/ul>\n","protected":false},"excerpt":{"rendered":"<p>&nbsp; Plan de Estudios Res. N\u00ba 1929\/DGE\/2014 Primer A\u00f1o Pedagog\u00eda Promoci\u00f3n de la salud Did\u00e1ctica General Perspectiva Hist\u00f3rica, Pol\u00edtica, Econ\u00f3mica, Social y Cultural de Am\u00e9rica Latina Psicolog\u00eda Educacional Juego y Producci\u00f3n de Objetos L\u00fadicos Sujetos de la Educaci\u00f3n Inicial Did\u00e1ctica del Nivel Inicial Tecnolog\u00edas de\u00a0 la Informaci\u00f3n\u00a0 y la Comunicaci\u00f3n Pr\u00e1cticas de Lectura, Escritura y &#8230; <a title=\"Plan de estudios\" class=\"read-more\" href=\"https:\/\/insrp-infd.mendoza.edu.ar\/sitio\/plan-de-estudios\/\" aria-label=\"More on Plan de estudios\">[+]<\/a><\/p>\n","protected":false},"author":430,"featured_media":0,"parent":0,"menu_order":0,"comment_status":"closed","ping_status":"closed","template":"","meta":[],"acf":[],"_links":{"self":[{"href":"https:\/\/insrp-infd.mendoza.edu.ar\/sitio\/wp-json\/wp\/v2\/pages\/787"}],"collection":[{"href":"https:\/\/insrp-infd.mendoza.edu.ar\/sitio\/wp-json\/wp\/v2\/pages"}],"about":[{"href":"https:\/\/insrp-infd.mendoza.edu.ar\/sitio\/wp-json\/wp\/v2\/types\/page"}],"author":[{"embeddable":true,"href":"https:\/\/insrp-infd.mendoza.edu.ar\/sitio\/wp-json\/wp\/v2\/users\/430"}],"replies":[{"embeddable":true,"href":"https:\/\/insrp-infd.mendoza.edu.ar\/sitio\/wp-json\/wp\/v2\/comments?post=787"}],"version-history":[{"count":4,"href":"https:\/\/insrp-infd.mendoza.edu.ar\/sitio\/wp-json\/wp\/v2\/pages\/787\/revisions"}],"predecessor-version":[{"id":895,"href":"https:\/\/insrp-infd.mendoza.edu.ar\/sitio\/wp-json\/wp\/v2\/pages\/787\/revisions\/895"}],"wp:attachment":[{"href":"https:\/\/insrp-infd.mendoza.edu.ar\/sitio\/wp-json\/wp\/v2\/media?parent=787"}],"curies":[{"name":"wp","href":"https:\/\/api.w.org\/{rel}","templated":true}]}}