{"id":806,"date":"2018-08-31T13:24:59","date_gmt":"2018-08-31T16:24:59","guid":{"rendered":"https:\/\/insrp-mza.infd.edu.ar\/sitio\/plan-de-estudios-3\/"},"modified":"2025-08-07T00:14:46","modified_gmt":"2025-08-07T03:14:46","slug":"plan-de-estudios-3","status":"publish","type":"page","link":"https:\/\/insrp-infd.mendoza.edu.ar\/sitio\/plan-de-estudios-3\/","title":{"rendered":"Plan de Estudios"},"content":{"rendered":"<p><img decoding=\"async\" loading=\"lazy\" style=\"display: block; margin-left: auto; margin-right: auto;\" src=\"https:\/\/insrp-infd.mendoza.edu.ar\/sitio\/wp-content\/uploads\/2018\/08\/tecnicatura.gif\" width=\"400\" height=\"300\" border=\"0\" \/><\/p>\n<p><span style=\"font-family: verdana,geneva; font-size: 10pt;\"><strong><span style=\"color: #993366; font-size: 18pt;\">Plan de Estudios\u00a0<\/span><\/strong><\/span><strong>Acta Dictamen<\/strong> 3057\/2024 &#8211; <strong>Res. 4184\/DGE\/2025<\/strong><\/p>\n<p><span style=\"color: #993366; font-family: verdana,geneva; font-size: 12pt;\"><strong><em>Primer A\u00f1o<\/em><\/strong><\/span><\/p>\n<ul>\n<li>Introducci\u00f3n y Fundamentos de Gerontolog\u00eda<\/li>\n<li>Psicolog\u00eda del Envejecimiento<\/li>\n<li>Comunicaci\u00f3n<\/li>\n<li>Inform\u00e1tica<\/li>\n<li>EDI: Pastoral de la Tercera Edad I<\/li>\n<li>Problem\u00e1tica Sociocultural y del Conocimiento<\/li>\n<li>Comprensi\u00f3n y Producci\u00f3n de Textos<\/li>\n<li>Legislaci\u00f3n para la tercera Edad<\/li>\n<li>Las Artes Visuales en la tercera edad I<\/li>\n<li>Nutrici\u00f3n en la tercera Edad I<\/li>\n<li>Literatura para la tercera edad<\/li>\n<li>Psicolog\u00eda Social y de Grupo<\/li>\n<li>Actividades Motrices para la tercera edad<\/li>\n<li>Administraci\u00f3n y Gesti\u00f3n de instituciones geri\u00e1tricas<\/li>\n<li>Actividades Musicales para la tercera edad<\/li>\n<li>La Familia: Cruce de Generaciones<\/li>\n<li><\/li>\n<\/ul>\n<p><span style=\"color: #993366;\"><strong><em>Segundo A\u00f1o<\/em><\/strong><\/span><\/p>\n<ul>\n<li>EDI: Pastoral de la Tercera Edad II<\/li>\n<li>Ingl\u00e9s<\/li>\n<li>Filosof\u00eda de vida<\/li>\n<li>Pol\u00edticas Sociales y Sistema Sanitario para la tercera edad<\/li>\n<li>Metodolog\u00eda de la Investigaci\u00f3n social<\/li>\n<li>Nutrici\u00f3n en la tercera Edad II<\/li>\n<li>Actividades recreativas para la tercera edad<\/li>\n<li>Atenci\u00f3n Primaria del Anciano<\/li>\n<li>Las Artes Visuales en la tercera edad II<\/li>\n<li>Investigaci\u00f3n Social<\/li>\n<li>Los ancianos: Sujetos de Derechos<\/li>\n<li>\u00c9tica Profesional<\/li>\n<li>Formulaci\u00f3n y Evaluaci\u00f3n de Proyectos Institucionales<\/li>\n<li>Higiene y Atenci\u00f3n de los Ancianos<\/li>\n<li>El Anciano y su relaci\u00f3n con el Geront\u00f3logo<\/li>\n<li>Observaci\u00f3n e Inserci\u00f3n Institucional<\/li>\n<\/ul>\n<p><span style=\"color: #993366; font-family: verdana,geneva; font-size: 12pt;\">\u00a0<strong><em>Tercer A\u00f1o<\/em><\/strong><\/span><\/p>\n<ul>\n<li>Pr\u00e1ctica Profesional<\/li>\n<li>Protecci\u00f3n y Cuidado del Asistente Gerontol\u00f3gico<\/li>\n<li>Cooperativismo y Pymes<\/li>\n<\/ul>\n","protected":false},"excerpt":{"rendered":"<p>Plan de Estudios\u00a0Acta Dictamen 3057\/2024 &#8211; Res. 4184\/DGE\/2025 Primer A\u00f1o Introducci\u00f3n y Fundamentos de Gerontolog\u00eda Psicolog\u00eda del Envejecimiento Comunicaci\u00f3n Inform\u00e1tica EDI: Pastoral de la Tercera Edad I Problem\u00e1tica Sociocultural y del Conocimiento Comprensi\u00f3n y Producci\u00f3n de Textos Legislaci\u00f3n para la tercera Edad Las Artes Visuales en la tercera edad I Nutrici\u00f3n en la tercera Edad &#8230; <a title=\"Plan de Estudios\" class=\"read-more\" href=\"https:\/\/insrp-infd.mendoza.edu.ar\/sitio\/plan-de-estudios-3\/\" aria-label=\"More on Plan de Estudios\">[+]<\/a><\/p>\n","protected":false},"author":430,"featured_media":0,"parent":0,"menu_order":0,"comment_status":"closed","ping_status":"closed","template":"","meta":[],"acf":[],"_links":{"self":[{"href":"https:\/\/insrp-infd.mendoza.edu.ar\/sitio\/wp-json\/wp\/v2\/pages\/806"}],"collection":[{"href":"https:\/\/insrp-infd.mendoza.edu.ar\/sitio\/wp-json\/wp\/v2\/pages"}],"about":[{"href":"https:\/\/insrp-infd.mendoza.edu.ar\/sitio\/wp-json\/wp\/v2\/types\/page"}],"author":[{"embeddable":true,"href":"https:\/\/insrp-infd.mendoza.edu.ar\/sitio\/wp-json\/wp\/v2\/users\/430"}],"replies":[{"embeddable":true,"href":"https:\/\/insrp-infd.mendoza.edu.ar\/sitio\/wp-json\/wp\/v2\/comments?post=806"}],"version-history":[{"count":4,"href":"https:\/\/insrp-infd.mendoza.edu.ar\/sitio\/wp-json\/wp\/v2\/pages\/806\/revisions"}],"predecessor-version":[{"id":1001,"href":"https:\/\/insrp-infd.mendoza.edu.ar\/sitio\/wp-json\/wp\/v2\/pages\/806\/revisions\/1001"}],"wp:attachment":[{"href":"https:\/\/insrp-infd.mendoza.edu.ar\/sitio\/wp-json\/wp\/v2\/media?parent=806"}],"curies":[{"name":"wp","href":"https:\/\/api.w.org\/{rel}","templated":true}]}}