{"id":810,"date":"2018-08-31T13:25:01","date_gmt":"2018-08-31T16:25:01","guid":{"rendered":"https:\/\/insrp-mza.infd.edu.ar\/sitio\/solicitud-de-inscripcion\/"},"modified":"2026-02-19T19:13:25","modified_gmt":"2026-02-19T22:13:25","slug":"solicitud-de-inscripcion","status":"publish","type":"page","link":"https:\/\/insrp-infd.mendoza.edu.ar\/sitio\/solicitud-de-inscripcion\/","title":{"rendered":"Solicitud de Inscripcion"},"content":{"rendered":"<table border=\"1\" cellspacing=\"0\" cellpadding=\"0\">\n<tbody>\n<tr>\n<td valign=\"top\" width=\"198\"><span style=\"font-family: verdana,geneva; font-size: 12pt;\"><strong>TITULO \u00a0 A OTORGAR<\/strong><\/span><\/td>\n<td valign=\"top\" width=\"387\"><span style=\"font-family: verdana,geneva; font-size: 12pt;\"><em>T\u00c9CNICO SUPERIOR EN ASISTENCIA GERONTOL\u00d3GICA<\/em><\/span><\/td>\n<\/tr>\n<tr>\n<td valign=\"top\" width=\"198\"><span style=\"font-family: verdana,geneva; font-size: 12pt;\"><strong>DURACION<\/strong><\/span><\/td>\n<td valign=\"top\" width=\"387\"><span style=\"font-family: verdana,geneva; font-size: 12pt;\"><em>3 (tres) a\u00f1os<\/em><\/span><\/td>\n<\/tr>\n<tr>\n<td valign=\"top\" width=\"198\"><span style=\"font-family: verdana,geneva; font-size: 12pt;\"><strong>CARGA \u00a0 HORARIA<\/strong><\/span><\/td>\n<td valign=\"top\" width=\"387\"><span style=\"font-family: verdana,geneva; font-size: 12pt;\"><em>1630 \u00a0 horas reloj \/ 2445 horas c\u00e1tedra<\/em><\/span><\/td>\n<\/tr>\n<tr>\n<td valign=\"top\" width=\"198\"><span style=\"font-family: verdana,geneva; font-size: 12pt;\"><strong>\u00a0<\/strong><\/span><\/p>\n<p><span style=\"font-family: verdana,geneva; font-size: 12pt;\"><strong>\u00a0<\/strong><\/span><\/p>\n<p><span style=\"font-family: verdana,geneva; font-size: 12pt;\"><strong>CONDICIONES \u00a0 DE INGRESO<\/strong><\/span><\/p>\n<p><span style=\"font-family: verdana,geneva; font-size: 12pt;\"><strong>\u00a0<\/strong><\/span><\/td>\n<td valign=\"top\" width=\"387\"><em>Las condiciones de ingreso como estudiante regular de la formaci\u00f3n \u00a0 \u00a0inicial se encuentran definidas en el\u00a0 Plan de Estudios y Reglamento Acad\u00e9mico Marco, \u00a0Res. DGE N\u00b0 1286\/2024<\/em><\/p>\n<ul>\n<li><span style=\"font-family: verdana,geneva; font-size: 12pt;\"><em>La conclusi\u00f3n de la formaci\u00f3n previa exigida \u00a0 para realizar los estudios superiores correspondientes.<\/em><\/span><\/li>\n<li><span style=\"font-family: verdana,geneva; font-size: 12pt;\"><em>En el caso de personas mayores de 25 a\u00f1os que aspiran a cursar carreras de formaci\u00f3n inicial, la aprobaci\u00f3n de la evaluaci\u00f3n realizada con los criterios y alcances que disponga la Direcci\u00f3n de Educaci\u00f3n Superior,\u00a0 en concordancia \u00a0 con el art. 7mo. de la Ley de Educaci\u00f3n Superior N\u00b0 24.521 <\/em>y\/o <em>regulaci\u00f3n vigente.<\/em><\/span><\/li>\n<li><span style=\"font-family: verdana,geneva; font-size: 12pt;\"><em>Haber completado las instancias proped\u00e9uticas del proceso de ingreso. Examen de ingreso jurisdiccional.<\/em><\/span><\/li>\n<li><span style=\"font-family: verdana,geneva; font-size: 12pt;\"><em>Haber completado la presentaci\u00f3n de la documentaci\u00f3n requerida Administrativamente.<\/em><\/span><\/li>\n<\/ul>\n<\/td>\n<\/tr>\n<\/tbody>\n<\/table>\n<p>PARA INICIAR EL PROCESO DE\u00a0 PRE-INSCRIPCI\u00d3N:\u00a0<a href=\"https:\/\/forms.gle\/yTb118yZ35iNDVav5\">Formulario de pre-inscripci\u00f3n<\/a><\/p>\n<p>Debe escribir al mail institucional: <strong>superior-pompeyamendoza@hnasrosarinas.org<\/strong><\/p>\n","protected":false},"excerpt":{"rendered":"<p>TITULO \u00a0 A OTORGAR T\u00c9CNICO SUPERIOR EN ASISTENCIA GERONTOL\u00d3GICA DURACION 3 (tres) a\u00f1os CARGA \u00a0 HORARIA 1630 \u00a0 horas reloj \/ 2445 horas c\u00e1tedra \u00a0 \u00a0 CONDICIONES \u00a0 DE INGRESO \u00a0 Las condiciones de ingreso como estudiante regular de la formaci\u00f3n \u00a0 \u00a0inicial se encuentran definidas en el\u00a0 Plan de Estudios y Reglamento Acad\u00e9mico Marco, &#8230; <a title=\"Solicitud de Inscripcion\" class=\"read-more\" href=\"https:\/\/insrp-infd.mendoza.edu.ar\/sitio\/solicitud-de-inscripcion\/\" aria-label=\"More on Solicitud de Inscripcion\">[+]<\/a><\/p>\n","protected":false},"author":430,"featured_media":0,"parent":0,"menu_order":0,"comment_status":"closed","ping_status":"closed","template":"","meta":[],"acf":[],"_links":{"self":[{"href":"https:\/\/insrp-infd.mendoza.edu.ar\/sitio\/wp-json\/wp\/v2\/pages\/810"}],"collection":[{"href":"https:\/\/insrp-infd.mendoza.edu.ar\/sitio\/wp-json\/wp\/v2\/pages"}],"about":[{"href":"https:\/\/insrp-infd.mendoza.edu.ar\/sitio\/wp-json\/wp\/v2\/types\/page"}],"author":[{"embeddable":true,"href":"https:\/\/insrp-infd.mendoza.edu.ar\/sitio\/wp-json\/wp\/v2\/users\/430"}],"replies":[{"embeddable":true,"href":"https:\/\/insrp-infd.mendoza.edu.ar\/sitio\/wp-json\/wp\/v2\/comments?post=810"}],"version-history":[{"count":7,"href":"https:\/\/insrp-infd.mendoza.edu.ar\/sitio\/wp-json\/wp\/v2\/pages\/810\/revisions"}],"predecessor-version":[{"id":1048,"href":"https:\/\/insrp-infd.mendoza.edu.ar\/sitio\/wp-json\/wp\/v2\/pages\/810\/revisions\/1048"}],"wp:attachment":[{"href":"https:\/\/insrp-infd.mendoza.edu.ar\/sitio\/wp-json\/wp\/v2\/media?parent=810"}],"curies":[{"name":"wp","href":"https:\/\/api.w.org\/{rel}","templated":true}]}}